{"id":463,"date":"2018-10-25T13:51:42","date_gmt":"2018-10-25T13:51:42","guid":{"rendered":"https:\/\/oseki.eus\/aviso-legal\/"},"modified":"2021-11-04T17:49:40","modified_gmt":"2021-11-04T16:49:40","slug":"aviso-legal","status":"publish","type":"page","link":"https:\/\/oseki.eus\/eu\/aviso-legal\/","title":{"rendered":"Aviso legal"},"content":{"rendered":"<section style=\"margin-bottom: 50px;\">\r\n<p>La p\u00e1gina web <a href=\"https:\/\/oseki.eus\/\" target=\"_blank\" rel=\"noopener noreferrer\">oseki.eus<\/a> ha sido creada con la finalidad de facilitar contacto e informaci\u00f3n sobre Oseki, iniciativa de colaboraci\u00f3n entre la universidad y agentes sociales que nace con el objetivo de documentar, sistematizar y difundir conocimiento en torno a la importancia de los determinantes sociales de la salud para contribuir al debate pol\u00edtico y social, y a la toma de decisiones en favor de una mejor salud para toda la poblaci\u00f3n<\/p>\r\n<h2 class=\"header-rgpd\">TITULARIDAD DEL WEB SITE Y DATOS IDENTIFICATIVOS<\/h2>\r\n<p>La p\u00e1gina web <a href=\"https:\/\/oseki.eus\/\" target=\"_blank\" rel=\"noopener noreferrer\">oseki.eus<\/a> es titularidad de <strong>Medicus Mundi Gipuzkoa<\/strong>, con CIF G20376448, direcci\u00f3n en Paseo Serapio Mugica, 33 bajo. La direcci\u00f3n de correo electr\u00f3nico de contacto con la empresa es <a href=\"mailto:gipuzkoa@medicusmundi.es?subject=M%C3%A1s%20info%20sobre%20oseki.eus\">gipuzkoa@medicusmundi.es<\/a>.<\/p>\r\n<p>A trav\u00e9s de la utilizaci\u00f3n de la presente p\u00e1gina web, el usuario acepta expresamente todas y cada una de las presentes condiciones de uso. En caso de no aceptarlas las presentes deber\u00e1 abstenerse de acceder a la web <a href=\"https:\/\/oseki.eus\/\" target=\"_blank\" rel=\"noopener noreferrer\">oseki.eus<\/a><\/p>\r\n<h2 class=\"header-rgpd\">T\u00c9RMINOS Y CONDICIONES<\/h2>\r\n<p>El acceso y navegaci\u00f3n a este sitio web supone aceptar y conocer las advertencias legales, condiciones y t\u00e9rminos de uso contenidas en la misma. En algunos apartados de esta web es posible que se encuentre con sus propias condiciones de uso. Deber\u00e1 aceptar tales condiciones para acceder a determinados servicios ofrecidos en apartados espec\u00edficos. Estas condiciones estar\u00e1n a disposici\u00f3n en la p\u00e1gina principal o homepage, as\u00ed como en el acceso a los servicios espec\u00edficos, el titular de la p\u00e1gina web facilita las condiciones de uso gen\u00e9ricas y condiciones de uso espec\u00edficas durante la navegaci\u00f3n, condiciones que se podr\u00e1 descargar y guardar en cualquier momento. Las condiciones de uso de los espacios est\u00e1n a disposici\u00f3n del cliente en la web, pudiendo ser descargadas en cualquier momento para su lectura y visualizaci\u00f3n.<\/p>\r\n<p>El acceso a la p\u00e1gina web <a href=\"https:\/\/oseki.eus\/\" target=\"_blank\" rel=\"noopener noreferrer\">oseki.eus<\/a> es responsabilidad exclusiva de los usuarios.<\/p>\r\n<h2 class=\"header-rgpd\">C\u00d3DIGOS DE CONDUCTA<\/h2>\r\n<p>Se informa que la p\u00e1gina web oseki.eus no est\u00e1 adherida a ning\u00fan c\u00f3digo de conducta, tanto propio como ajeno. En lo sucesivo, esta adhesi\u00f3n podr\u00e1 ser modificada por voluntad propia de la titular de la p\u00e1gina web sin mediar comunicaci\u00f3n expresa por escrito con sus usuarios.<\/p>\r\n<h2 class=\"header-rgpd\">COOKIES<\/h2>\r\n<p>Una <em>cookie<\/em> es un peque\u00f1o fichero de texto que se almacena en su navegador cuando visita una p\u00e1gina web. Su utilidad es que la web sea capaz de recordar su visita cuando vuelva a navegar por esa p\u00e1gina.<\/p>\r\n<p>Las <em>cookies<\/em> suelen almacenar informaci\u00f3n de car\u00e1cter t\u00e9cnico, preferencias personales, personalizaci\u00f3n de contenidos, estad\u00edsticas de uso, enlaces a redes sociales, acceso a cuentas de usuario, etc, en definitiva, sobre los h\u00e1bitos de navegaci\u00f3n del usuario.<\/p>\r\n<p>El objetivo de la <em>cookie<\/em> es adaptar el contenido de la web a su perfil y necesidades, sin <em>cookies<\/em> los servicios ofrecidos por cualquier p\u00e1gina se ver\u00edan mermados notablemente.<\/p>\r\n<h3 class=\"header-rgpd\">Cookies utilizadas en este sitio web<\/h3>\r\n<p>Siguiendo las directrices de la Agencia Espa\u00f1ola de Protecci\u00f3n de Datos procedemos a detallar el uso de <em>cookies<\/em> que hace esta web con el fin de informarle con la m\u00e1xima exactitud posible.<\/p>\r\n<p>Este sitio web utiliza las siguientes <strong>cookies propias<\/strong>:<\/p>\r\n<ul>\r\n<li>Cookies de sesi\u00f3n, para identificar el n\u00famero de usuarios , medir y analizar de forma estad\u00edstica el uso que los usuarios hacen del servicio ofrecido. Se analiza la navegaci\u00f3n en la p\u00e1gina web con el fin de mejorar la oferta de productos y servicios que ofrecemos en nuestra web.<\/li>\r\n<\/ul>\r\n<p>Este sitio web utiliza las siguientes <strong>cookies de terceros<\/strong>:<\/p>\r\n<ul>\r\n<li>Google Analytics: Almacena <em>cookies<\/em> para poder elaborar estad\u00edsticas sobre el tr\u00e1fico y volumen de visitas de esta web. Al utilizar este sitio web est\u00e1 consintiendo el tratamiento de informaci\u00f3n acerca de usted por Google. Por tanto, el ejercicio de cualquier derecho en este sentido deber\u00e1 hacerlo comunicando directamente con Google.<\/li>\r\n<\/ul>\r\n<h3 class=\"header-rgpd\">Desactivaci\u00f3n o eliminaci\u00f3n de cookies<\/h3>\r\n<p>En cualquier momento podr\u00e1 ejercer su derecho de permitir, bloquear o desactivar las cookies de este sitio web. Estas acciones se realizan de forma diferente en funci\u00f3n del navegador que est\u00e9 usando. Los navegadores web son las herramientas encargadas de almacenar las cookies y desde este lugar debe efectuar su derecho a eliminaci\u00f3n o desactivaci\u00f3n de las mismas. Ni esta web ni sus representantes legales pueden garantizar la correcta o incorrecta manipulaci\u00f3n de las cookies por parte de los mencionados navegadores.<\/p>\r\n<p>El titular del sitio web <a href=\"https:\/\/oseki.eus\/\" target=\"_blank\" rel=\"noopener noreferrer\">oseki.eus<\/a> no ha contratado con terceros la prestaci\u00f3n de un servicio para el que se requiera la identificaci\u00f3n de los usuarios y el uso de las cookies se\u00f1aladas. Para cualquier duda o consulta acerca de esta pol\u00edtica de cookies no dude en comunicarse con nosotros a trav\u00e9s de la secci\u00f3n de contacto.<\/p>\r\n<h2 class=\"header-rgpd\">PROPIEDAD SOBRE LOS CONTENIDOS. DERECHOS DE PROPIEDAD INTELECTUAL<\/h2>\r\n<p>Los contenidos que aparecen en la p\u00e1gina web <a href=\"https:\/\/oseki.eus\/\" target=\"_blank\" rel=\"noopener noreferrer\">oseki.eus<\/a> son los vigentes en la fecha de su \u00faltima actualizaci\u00f3n: El titular de la p\u00e1gina web se reserva el derecho a actualizar, modificar o eliminar la informaci\u00f3n y contenidos incluidos.<\/p>\r\n<p>OSEKI Osasun eskubidearen aldeko ekimena Iniciativa por el derecho a la salud se rige bajo una licencia <a href=\"https:\/\/creativecommons.org\/licenses\/by-nc-sa\/4.0\/deed.es\" rel=\"license\">Creative Commons Reconocimiento-NoComercial-CompartirIgual 4.0 Internacional License<\/a>.<\/p>\r\n<p><a href=\"http:\/\/creativecommons.org\/licenses\/by-nc-sa\/4.0\/\" rel=\"license\"><img decoding=\"async\" src=\"https:\/\/i.creativecommons.org\/l\/by-nc-sa\/4.0\/80x15.png\" alt=\"Licencia de Creative Commons\" \/><\/a><\/p>\r\n<p>El acceso a la p\u00e1gina web <a href=\"https:\/\/oseki.eus\/\" target=\"_blank\" rel=\"noopener noreferrer\">oseki.eus<\/a> no otorga a los usuarios titularidad alguna sobre los derechos de propiedad intelectual de los contenidos que se han puesto a disposici\u00f3n del usuario en la p\u00e1gina web.<\/p>\r\n<p>La empresa titular de la p\u00e1gina web <a href=\"https:\/\/oseki.eus\/\" target=\"_blank\" rel=\"noopener noreferrer\">oseki.eus<\/a> se reserva la posibilidad de ejercer las acciones judiciales que correspondan contra los usuarios que violen o infrinjan los derechos de propiedad intelectual.<\/p>\r\n<h2 class=\"header-rgpd\">RESPONSABILIDAD POR EL FUNCIONAMIENTO DE LA P\u00c1GINA<\/h2>\r\n<p>La empresa titular de la web no se responsabiliza del mal uso que Ud. pueda hacer de este sitio Web.La titular de la web podr\u00e1, cuando lo considere conveniente, realizar correcciones, mejoras o modificaciones en la informaci\u00f3n contenida en la p\u00e1gina sin que ello de lugar, ni derecho a ninguna reclamaci\u00f3n o indemnizaci\u00f3n, ni implique reconocimiento de responsabilidad alguna. Tampoco se har\u00e1 responsable por los da\u00f1os y perjuicios de cualquier naturaleza que se pudieran derivar de la disponibilidad y continuidad t\u00e9cnica del funcionamiento de la p\u00e1gina.<\/p>\r\n<p>Esta p\u00e1gina web no garantiza la ausencia de virus u otros elementos que pudieran causar da\u00f1os en los sistemas inform\u00e1ticos, en los documentos electr\u00f3nicos o en los ficheros de usuario de este sitio web o de sitios web de terceros, por lo que no se responsabiliza de los perjuicios que se pudieran producir por estas causas.<\/p>\r\n<h2 class=\"header-rgpd\">LEY Y JURISDICCI\u00d3N APLICABLE<\/h2>\r\n<p>Cualquier controversia que pudiera derivarse del acceso o de la utilizaci\u00f3n de la p\u00e1gina web <a href=\"https:\/\/oseki.eus\/\" target=\"_blank\" rel=\"noopener noreferrer\">oseki.eus<\/a> se somete a la exclusiva jurisdicci\u00f3n de los tribunales del municipio de Donostia y sus superiores jer\u00e1rquicos.<\/p>\r\n<p>Los t\u00e9rminos y condiciones que rigen esta p\u00e1gina web y todas las relaciones que pudieran derivarse se encuentran salvaguardadas por la legislaci\u00f3n espa\u00f1ola.<\/p>\r\n<p>Para m\u00e1s informaci\u00f3n o dirigir sus consultas, sugerencias, quejas y reclamaciones puede hacerlo poni\u00e9ndose en contacto en:<\/p>\r\n<p><strong>Medicus Mundi Gipuzkoa<\/strong><br \/>Paseo Serapio Mugica, 33 bajo<br \/><a href=\"mailto:gipuzkoa@medicusmundi.es\">gipuzkoa@medicusmundi.es<\/a><br \/>943 40 47 40<\/p>\r\n<p>\u00a9Medicus Mundi Gipuzkoa. 2018. Todos los derechos reservados.<\/p>\r\n<\/section>\r\n\r\n<p>&nbsp;<\/p>\r\n","protected":false},"excerpt":{"rendered":"<p>La p\u00e1gina web oseki.eus ha sido creada con la finalidad de facilitar contacto e informaci\u00f3n sobre Oseki, iniciativa de colaboraci\u00f3n entre la universidad y agentes sociales que nace con el objetivo de documentar, sistematizar y difundir conocimiento en torno a la importancia de los determinantes sociales de la salud para contribuir al debate pol\u00edtico y [&hellip;]<\/p>\n","protected":false},"author":1,"featured_media":0,"parent":0,"menu_order":11,"comment_status":"closed","ping_status":"closed","template":"fullwidth.php","meta":{"_acf_changed":false,"_coblocks_attr":"","_coblocks_dimensions":"","_coblocks_responsive_height":"","_coblocks_accordion_ie_support":"","footnotes":""},"class_list":["post-463","page","type-page","status-publish","hentry"],"acf":[],"_links":{"self":[{"href":"https:\/\/oseki.eus\/eu\/wp-json\/wp\/v2\/pages\/463","targetHints":{"allow":["GET"]}}],"collection":[{"href":"https:\/\/oseki.eus\/eu\/wp-json\/wp\/v2\/pages"}],"about":[{"href":"https:\/\/oseki.eus\/eu\/wp-json\/wp\/v2\/types\/page"}],"author":[{"embeddable":true,"href":"https:\/\/oseki.eus\/eu\/wp-json\/wp\/v2\/users\/1"}],"replies":[{"embeddable":true,"href":"https:\/\/oseki.eus\/eu\/wp-json\/wp\/v2\/comments?post=463"}],"version-history":[{"count":1,"href":"https:\/\/oseki.eus\/eu\/wp-json\/wp\/v2\/pages\/463\/revisions"}],"predecessor-version":[{"id":2179,"href":"https:\/\/oseki.eus\/eu\/wp-json\/wp\/v2\/pages\/463\/revisions\/2179"}],"wp:attachment":[{"href":"https:\/\/oseki.eus\/eu\/wp-json\/wp\/v2\/media?parent=463"}],"curies":[{"name":"wp","href":"https:\/\/api.w.org\/{rel}","templated":true}]}}