{"id":460,"date":"2018-10-25T13:52:09","date_gmt":"2018-10-25T13:52:09","guid":{"rendered":"https:\/\/oseki.eus\/politica-de-privacidad\/"},"modified":"2019-06-25T14:23:05","modified_gmt":"2019-06-25T13:23:05","slug":"pribatutasun-politika","status":"publish","type":"page","link":"https:\/\/oseki.eus\/eu\/pribatutasun-politika\/","title":{"rendered":"Pribatutasun politika"},"content":{"rendered":"<section style=\"margin-top: 50px;\">\n<h2 class=\"header-rgpd\">INFORMACI\u00d3N <em>B\u00c1SICA<\/em> SOBRE PROTECCI\u00d3N DE DATOS<\/h2>\n<table class=\"privacy-table table table-bordered table-striped\">\n<tbody>\n<tr class=\"row-1 odd\">\n<td class=\"column-1\"><strong>RESPONSABLE<\/strong><\/td>\n<td class=\"column-2\">Medicus Mundi Gipuzkoa <a href=\"#responsable\">+INFO<\/a><\/td>\n<\/tr>\n<tr class=\"row-2 even\">\n<td class=\"column-1\"><strong>FINALIDAD<\/strong><\/td>\n<td class=\"column-2\">Presentarle Oseki (Osasun eskubidearen aldeko ekimena \/ Iniciativa por el derecho a la salud) y facilitarle un medio para que pueda ponerse en contacto con nosotros y contestar a sus solicitudes de informaci\u00f3n. <a href=\"#finalidad\">+INFO<\/a><\/td>\n<\/tr>\n<tr class=\"row-3 odd\">\n<td class=\"column-1\"><strong>LEGITIMACI\u00d3N<\/strong><\/td>\n<td class=\"column-2\">Consentimiento del interesado. <a href=\"#legitimacion\">+INFO<\/a><\/td>\n<\/tr>\n<tr class=\"row-4 even\">\n<td class=\"column-1\"><strong>DESTINATARIOS<\/strong><\/td>\n<td class=\"column-2\">No se ceder\u00e1n datos a terceros, salvo obligaci\u00f3n legal. <a href=\"#destinatarios\">+INFO<\/a><\/td>\n<\/tr>\n<tr class=\"row-5 odd\">\n<td class=\"column-1\"><strong>DERECHOS<\/strong><\/td>\n<td class=\"column-2\">D\u00ba de acceso, rectificaci\u00f3n, supresi\u00f3n y oposici\u00f3n y otros derechos, como se explica en la informaci\u00f3n adicional. <a href=\"#derechos\">+INFO<\/a><\/td>\n<\/tr>\n<tr class=\"row-6 even\">\n<td class=\"column-1\"><strong>INFORMACI\u00d3N ADICIONAL<\/strong><\/td>\n<td class=\"column-2\">Para obtener m\u00e1s informaci\u00f3n, puede acceder a la tabla con informaci\u00f3n completa haciendo click en <a href=\"#politica-de-privacidad-completa\">+INFO<\/a><\/td>\n<\/tr>\n<\/tbody>\n<\/table>\n<hr style=\"margin: 60px 0;\">\n<h2 id=\"politica-de-privacidad-completa\" class=\"header-rgpd\">INFORMACI\u00d3N <em>ADICIONAL<\/em> SOBRE PROTECCI\u00d3N DE DATOS<\/h2>\n<table class=\"privacy-table table table-bordered table-striped\">\n<tbody>\n<tr class=\"row-1 odd\">\n<td id=\"responsable\" class=\"column-1\"><strong>RESPONSABLE<\/strong><\/td>\n<td class=\"column-2\">Medicus Mundi Gipuzkoa, CIF G20376448, direcci\u00f3n Paseo Serapio Mugica, 33 bajo. Email de contacto: gipuzkoa@medicusmundi.es<\/td>\n<\/tr>\n<tr class=\"row-2 even\">\n<td id=\"finalidad\" class=\"column-1\"><strong>FINALIDAD<\/strong><\/td>\n<td class=\"column-2\">El tratamiento de los datos personales se realiza con la finalidad de facilitar a los usuarios un medio para que puedan ponerse en contacto con nosotros y contestar a sus solicitudes de informaci\u00f3n sobre Oseki &#8211; Osasun eskubidearen aldeko ekimena \/ Iniciativa por el derecho a la salud.<\/td>\n<\/tr>\n<tr class=\"row-3 odd\">\n<td id=\"legitimacion\" class=\"column-1\"><strong>LEGITIMACI\u00d3N<\/strong><\/td>\n<td class=\"column-2\">La base jur\u00eddica en la que se basa el tratamiento es el <strong>consentimiento<\/strong> del interesado. Sus datos se conservar\u00e1n mientras se mantenga la relaci\u00f3n comercial o durante el tiempo necesario para cumplir con las obligaciones legales.<\/td>\n<\/tr>\n<tr class=\"row-4 even\">\n<td id=\"destinatarios\" class=\"column-1\"><strong>DESTINATARIOS<\/strong><\/td>\n<td class=\"column-2\">No se ceder\u00e1n datos a terceros ajenos, salvo obligaci\u00f3n legal. No existen transferencias internacionales de datos.<\/td>\n<\/tr>\n<tr class=\"row-5 odd\">\n<td id=\"derechos\" class=\"column-1\"><strong>DERECHOS<\/strong><\/td>\n<td class=\"column-2\">Cualquier usuario tiene derecho a obtener informaci\u00f3n sobre el tratamiento de sus datos personales. Para ejercer el DERECHO DE ACCESO o consulta a sus datos personales, el DERECHO DE RECTIFICACI\u00d3N para modificar datos err\u00f3neos o datos incompletos, el DERECHO DE SUPRESI\u00d3N o cancelaci\u00f3n de sus datos personales cuando ya no sean necesarios para los fines que motivaron el tratamiento, el DERECHO DE LIMITACI\u00d3N DEL TRATAMIENTO, el DERECHO DE OPOSICI\u00d3N al tratamiento o el DERECHO A LA PORTABILIDAD de sus datos personales puede dirigirse a Medicus Mundi Gipuzkoa, en el email <a href=\"mailto:gipuzkoa@medicusmundi.es\">gipuzkoa@medicusmundi.es<\/a> o por tel\u00e9fono al 943 40 47 40.<\/p>\n<p>Puede informarse del ejercicio y de los derechos que le asisten como titular de los datos personales poni\u00e9ndose en contacto con las autoridades p\u00fablicas de protecci\u00f3n de datos en <a href=\"http:\/\/www.agpd.es\/portalwebAGPD\/CanalDelCiudadano\/index-ides-idphp.php\" target=\"_blank\" rel=\"noopener noreferrer\">la web oficial de la AGPD<\/a><\/td>\n<\/tr>\n<\/tbody>\n<\/table>\n<\/section>\n","protected":false},"excerpt":{"rendered":"<p>INFORMACI\u00d3N B\u00c1SICA SOBRE PROTECCI\u00d3N DE DATOS RESPONSABLE Medicus Mundi Gipuzkoa +INFO FINALIDAD Presentarle Oseki (Osasun eskubidearen aldeko ekimena \/ Iniciativa por el derecho a la salud) y facilitarle un medio para que pueda ponerse en contacto con nosotros y contestar a sus solicitudes de informaci\u00f3n. +INFO LEGITIMACI\u00d3N Consentimiento del interesado. +INFO DESTINATARIOS No se ceder\u00e1n [&hellip;]<\/p>\n","protected":false},"author":1,"featured_media":0,"parent":0,"menu_order":21,"comment_status":"closed","ping_status":"closed","template":"fullwidth.php","meta":{"_acf_changed":false,"_coblocks_attr":"","_coblocks_dimensions":"","_coblocks_responsive_height":"","_coblocks_accordion_ie_support":"","footnotes":""},"class_list":["post-460","page","type-page","status-publish","hentry"],"acf":[],"_links":{"self":[{"href":"https:\/\/oseki.eus\/eu\/wp-json\/wp\/v2\/pages\/460","targetHints":{"allow":["GET"]}}],"collection":[{"href":"https:\/\/oseki.eus\/eu\/wp-json\/wp\/v2\/pages"}],"about":[{"href":"https:\/\/oseki.eus\/eu\/wp-json\/wp\/v2\/types\/page"}],"author":[{"embeddable":true,"href":"https:\/\/oseki.eus\/eu\/wp-json\/wp\/v2\/users\/1"}],"replies":[{"embeddable":true,"href":"https:\/\/oseki.eus\/eu\/wp-json\/wp\/v2\/comments?post=460"}],"version-history":[{"count":0,"href":"https:\/\/oseki.eus\/eu\/wp-json\/wp\/v2\/pages\/460\/revisions"}],"wp:attachment":[{"href":"https:\/\/oseki.eus\/eu\/wp-json\/wp\/v2\/media?parent=460"}],"curies":[{"name":"wp","href":"https:\/\/api.w.org\/{rel}","templated":true}]}}